{"id":35,"date":"2026-05-05T23:22:07","date_gmt":"2026-05-05T21:22:07","guid":{"rendered":"https:\/\/cernaovcerestaurace.demo-verze.cz\/?page_id=35"},"modified":"2026-05-05T23:37:28","modified_gmt":"2026-05-05T21:37:28","slug":"staly-jidelni-listek","status":"publish","type":"page","link":"https:\/\/cernaovcerestaurace.demo-verze.cz\/?page_id=35","title":{"rendered":"St\u00e1ly j\u00eddeln\u00ed l\u00edstek"},"content":{"rendered":"\n\n\n\n\n\n","protected":false},"excerpt":{"rendered":"","protected":false},"author":1,"featured_media":0,"parent":0,"menu_order":0,"comment_status":"closed","ping_status":"closed","template":"","meta":{"footnotes":""},"class_list":["post-35","page","type-page","status-publish","hentry"],"yoast_head":"<!-- This site is optimized with the Yoast SEO plugin v27.5 - https:\/\/yoast.com\/product\/yoast-seo-wordpress\/ -->\n<title>St\u00e1ly j\u00eddeln\u00ed l\u00edstek - \u010cern\u00e1 Ovce Restaurace<\/title>\n<meta name=\"robots\" content=\"index, follow, max-snippet:-1, max-image-preview:large, max-video-preview:-1\" \/>\n<link rel=\"canonical\" href=\"https:\/\/cernaovcerestaurace.demo-verze.cz\/?page_id=35\" \/>\n<meta property=\"og:locale\" content=\"cs_CZ\" \/>\n<meta property=\"og:type\" content=\"article\" \/>\n<meta property=\"og:title\" content=\"St\u00e1ly j\u00eddeln\u00ed l\u00edstek - \u010cern\u00e1 Ovce Restaurace\" \/>\n<meta property=\"og:url\" content=\"https:\/\/cernaovcerestaurace.demo-verze.cz\/?page_id=35\" \/>\n<meta property=\"og:site_name\" content=\"\u010cern\u00e1 Ovce Restaurace\" \/>\n<meta property=\"article:modified_time\" content=\"2026-05-05T21:37:28+00:00\" \/>\n<meta name=\"twitter:card\" content=\"summary_large_image\" \/>\n<script type=\"application\/ld+json\" class=\"yoast-schema-graph\">{\"@context\":\"https:\\\/\\\/schema.org\",\"@graph\":[{\"@type\":\"WebPage\",\"@id\":\"https:\\\/\\\/cernaovcerestaurace.demo-verze.cz\\\/?page_id=35\",\"url\":\"https:\\\/\\\/cernaovcerestaurace.demo-verze.cz\\\/?page_id=35\",\"name\":\"St\u00e1ly j\u00eddeln\u00ed l\u00edstek - \u010cern\u00e1 Ovce Restaurace\",\"isPartOf\":{\"@id\":\"https:\\\/\\\/cernaovcerestaurace.demo-verze.cz\\\/#website\"},\"datePublished\":\"2026-05-05T21:22:07+00:00\",\"dateModified\":\"2026-05-05T21:37:28+00:00\",\"breadcrumb\":{\"@id\":\"https:\\\/\\\/cernaovcerestaurace.demo-verze.cz\\\/?page_id=35#breadcrumb\"},\"inLanguage\":\"cs\",\"potentialAction\":[{\"@type\":\"ReadAction\",\"target\":[\"https:\\\/\\\/cernaovcerestaurace.demo-verze.cz\\\/?page_id=35\"]}]},{\"@type\":\"BreadcrumbList\",\"@id\":\"https:\\\/\\\/cernaovcerestaurace.demo-verze.cz\\\/?page_id=35#breadcrumb\",\"itemListElement\":[{\"@type\":\"ListItem\",\"position\":1,\"name\":\"Dom\u016f\",\"item\":\"https:\\\/\\\/cernaovcerestaurace.demo-verze.cz\\\/\"},{\"@type\":\"ListItem\",\"position\":2,\"name\":\"St\u00e1ly j\u00eddeln\u00ed l\u00edstek\"}]},{\"@type\":\"WebSite\",\"@id\":\"https:\\\/\\\/cernaovcerestaurace.demo-verze.cz\\\/#website\",\"url\":\"https:\\\/\\\/cernaovcerestaurace.demo-verze.cz\\\/\",\"name\":\"\u010cern\u00e1 Ovce Restaurace\",\"description\":\"Nav\u0161tivte \u010cernou ovci v Plzni na Roudn\u00e9. \u010cek\u00e1 na v\u00e1s perfektn\u011b o\u0161et\u0159en\u00e1 Plze\u0148 12\u00b0, poctiv\u00e1 \u010desk\u00e1 j\u00eddla a denn\u00ed ob\u011bdov\u00e9 menu v jedine\u010dn\u00e9m prost\u0159ed\u00ed.\",\"potentialAction\":[{\"@type\":\"SearchAction\",\"target\":{\"@type\":\"EntryPoint\",\"urlTemplate\":\"https:\\\/\\\/cernaovcerestaurace.demo-verze.cz\\\/?s={search_term_string}\"},\"query-input\":{\"@type\":\"PropertyValueSpecification\",\"valueRequired\":true,\"valueName\":\"search_term_string\"}}],\"inLanguage\":\"cs\"}]}<\/script>\n<!-- \/ Yoast SEO plugin. -->","yoast_head_json":{"title":"St\u00e1ly j\u00eddeln\u00ed l\u00edstek - \u010cern\u00e1 Ovce Restaurace","robots":{"index":"index","follow":"follow","max-snippet":"max-snippet:-1","max-image-preview":"max-image-preview:large","max-video-preview":"max-video-preview:-1"},"canonical":"https:\/\/cernaovcerestaurace.demo-verze.cz\/?page_id=35","og_locale":"cs_CZ","og_type":"article","og_title":"St\u00e1ly j\u00eddeln\u00ed l\u00edstek - \u010cern\u00e1 Ovce Restaurace","og_url":"https:\/\/cernaovcerestaurace.demo-verze.cz\/?page_id=35","og_site_name":"\u010cern\u00e1 Ovce Restaurace","article_modified_time":"2026-05-05T21:37:28+00:00","twitter_card":"summary_large_image","schema":{"@context":"https:\/\/schema.org","@graph":[{"@type":"WebPage","@id":"https:\/\/cernaovcerestaurace.demo-verze.cz\/?page_id=35","url":"https:\/\/cernaovcerestaurace.demo-verze.cz\/?page_id=35","name":"St\u00e1ly j\u00eddeln\u00ed l\u00edstek - \u010cern\u00e1 Ovce Restaurace","isPartOf":{"@id":"https:\/\/cernaovcerestaurace.demo-verze.cz\/#website"},"datePublished":"2026-05-05T21:22:07+00:00","dateModified":"2026-05-05T21:37:28+00:00","breadcrumb":{"@id":"https:\/\/cernaovcerestaurace.demo-verze.cz\/?page_id=35#breadcrumb"},"inLanguage":"cs","potentialAction":[{"@type":"ReadAction","target":["https:\/\/cernaovcerestaurace.demo-verze.cz\/?page_id=35"]}]},{"@type":"BreadcrumbList","@id":"https:\/\/cernaovcerestaurace.demo-verze.cz\/?page_id=35#breadcrumb","itemListElement":[{"@type":"ListItem","position":1,"name":"Dom\u016f","item":"https:\/\/cernaovcerestaurace.demo-verze.cz\/"},{"@type":"ListItem","position":2,"name":"St\u00e1ly j\u00eddeln\u00ed l\u00edstek"}]},{"@type":"WebSite","@id":"https:\/\/cernaovcerestaurace.demo-verze.cz\/#website","url":"https:\/\/cernaovcerestaurace.demo-verze.cz\/","name":"\u010cern\u00e1 Ovce Restaurace","description":"Nav\u0161tivte \u010cernou ovci v Plzni na Roudn\u00e9. \u010cek\u00e1 na v\u00e1s perfektn\u011b o\u0161et\u0159en\u00e1 Plze\u0148 12\u00b0, poctiv\u00e1 \u010desk\u00e1 j\u00eddla a denn\u00ed ob\u011bdov\u00e9 menu v jedine\u010dn\u00e9m prost\u0159ed\u00ed.","potentialAction":[{"@type":"SearchAction","target":{"@type":"EntryPoint","urlTemplate":"https:\/\/cernaovcerestaurace.demo-verze.cz\/?s={search_term_string}"},"query-input":{"@type":"PropertyValueSpecification","valueRequired":true,"valueName":"search_term_string"}}],"inLanguage":"cs"}]}},"_links":{"self":[{"href":"https:\/\/cernaovcerestaurace.demo-verze.cz\/index.php?rest_route=\/wp\/v2\/pages\/35","targetHints":{"allow":["GET"]}}],"collection":[{"href":"https:\/\/cernaovcerestaurace.demo-verze.cz\/index.php?rest_route=\/wp\/v2\/pages"}],"about":[{"href":"https:\/\/cernaovcerestaurace.demo-verze.cz\/index.php?rest_route=\/wp\/v2\/types\/page"}],"author":[{"embeddable":true,"href":"https:\/\/cernaovcerestaurace.demo-verze.cz\/index.php?rest_route=\/wp\/v2\/users\/1"}],"replies":[{"embeddable":true,"href":"https:\/\/cernaovcerestaurace.demo-verze.cz\/index.php?rest_route=%2Fwp%2Fv2%2Fcomments&post=35"}],"version-history":[{"count":4,"href":"https:\/\/cernaovcerestaurace.demo-verze.cz\/index.php?rest_route=\/wp\/v2\/pages\/35\/revisions"}],"predecessor-version":[{"id":53,"href":"https:\/\/cernaovcerestaurace.demo-verze.cz\/index.php?rest_route=\/wp\/v2\/pages\/35\/revisions\/53"}],"wp:attachment":[{"href":"https:\/\/cernaovcerestaurace.demo-verze.cz\/index.php?rest_route=%2Fwp%2Fv2%2Fmedia&parent=35"}],"curies":[{"name":"wp","href":"https:\/\/api.w.org\/{rel}","templated":true}]}}